{"id":24,"date":"2018-03-19T15:50:18","date_gmt":"2018-03-19T14:50:18","guid":{"rendered":"http:\/\/ktitwpdev.azurewebsites.net\/?page_id=24"},"modified":"2018-08-13T11:06:10","modified_gmt":"2018-08-13T09:06:10","slug":"ueber-uns","status":"publish","type":"page","link":"https:\/\/www.kt-it-solutions.de\/index.php\/ueber-uns\/","title":{"rendered":"\u00dcber Uns"},"content":{"rendered":"\n<h5 style=\"color: #f1a300; text-align: center; font-size: 18px;\">Wir wissen, was wir tun!<\/h5>\n<p style=\"text-align: center; font-size: 16px;\">Wir k\u00f6nnen zwar nicht die Welt neu erfinden, sie daf\u00fcr aber mit unseren Softwarel\u00f6sungen ein kleines Bisschen einfacher gestalten. Seit 10 Jahren bieten wir von unserem Standort im Technologiepark der sch\u00f6nen kleinen Stadt Paderborn die passende agile Softwareentwicklung und IT-L\u00f6sungen f\u00fcr Unternehmen aus ganz unterschiedlichen Branchen an.<\/p>\n<h5 style=\"color: #f1a300; text-align: center; font-size: 18px;\">Unser Name ist ProgramM.<\/h5>\n<p style=\"text-align: center; font-size: 16px;\">IT-Solutions \u2013 Erstklassige Software-L\u00f6sungen, pers\u00f6nliche und individuelle Beratung, der Blick \u00fcber den Tellerrand und unser digitales, l\u00f6sungsorientiertes Denken zeichnen unsere Arbeit aus. Unser Anspruch ist hoch und deswegen stehen wir voll hinter unseren Projekten und stecken f\u00fcr unsere und eure Zufriedenheit unsere ganze Leidenschaft sowie unser K\u00f6nnen in jedes einzelne Projekt \u2013 jeden Tag aufs Neue.<\/p>\n<h5 style=\"color: #f1a300; text-align: center; font-size: 18px;\">Entwicklung ist unsere Motivation.<\/h5>\n<p style=\"text-align: center; font-size: 16px;\">Sowohl fachlich als auch pers\u00f6nlich. Unser Job ist erst dann erledigt, wenn ihr als Kunde begeistert seid und das Problem optimal gel\u00f6st ist. Durch unsere langj\u00e4hrige Projekt- und Beratungserfahrung kennen wir uns mit der richtigen Vorgehensweise aus und haben das notwendige IT-Know-How, um euch eine optimale Beratung zu bieten und die jeweils richtige L\u00f6sung zu entwickeln.<\/p>\n<p style=\"text-align: center; font-size: 16px;\">Ob Mail, Anruf, Brieftaube, Rauchzeichen oder ein pers\u00f6nlicher Besuch \u2013 wir freuen uns \u00fcber jegliche Art von Kontaktaufnahme!<\/p>\n","protected":false},"excerpt":{"rendered":"<p>Wir wissen, was wir tun! Wir k\u00f6nnen zwar nicht die Welt neu erfinden, sie daf\u00fcr aber mit unseren Softwarel\u00f6sungen ein kleines Bisschen einfacher gestalten. Seit 10 Jahren bieten wir von &#8230;<\/p>\n","protected":false},"author":1,"featured_media":0,"parent":0,"menu_order":0,"comment_status":"closed","ping_status":"closed","template":"","meta":{"_mi_skip_tracking":false},"_links":{"self":[{"href":"https:\/\/www.kt-it-solutions.de\/index.php\/wp-json\/wp\/v2\/pages\/24"}],"collection":[{"href":"https:\/\/www.kt-it-solutions.de\/index.php\/wp-json\/wp\/v2\/pages"}],"about":[{"href":"https:\/\/www.kt-it-solutions.de\/index.php\/wp-json\/wp\/v2\/types\/page"}],"author":[{"embeddable":true,"href":"https:\/\/www.kt-it-solutions.de\/index.php\/wp-json\/wp\/v2\/users\/1"}],"replies":[{"embeddable":true,"href":"https:\/\/www.kt-it-solutions.de\/index.php\/wp-json\/wp\/v2\/comments?post=24"}],"version-history":[{"count":20,"href":"https:\/\/www.kt-it-solutions.de\/index.php\/wp-json\/wp\/v2\/pages\/24\/revisions"}],"predecessor-version":[{"id":1885,"href":"https:\/\/www.kt-it-solutions.de\/index.php\/wp-json\/wp\/v2\/pages\/24\/revisions\/1885"}],"wp:attachment":[{"href":"https:\/\/www.kt-it-solutions.de\/index.php\/wp-json\/wp\/v2\/media?parent=24"}],"curies":[{"name":"wp","href":"https:\/\/api.w.org\/{rel}","templated":true}]}}